{"id":17065,"date":"2025-03-19T13:25:25","date_gmt":"2025-03-19T10:25:25","guid":{"rendered":"https:\/\/encoart.com\/?page_id=17065"},"modified":"2025-03-19T16:30:11","modified_gmt":"2025-03-19T13:30:11","slug":"politica-de-privacidad","status":"publish","type":"page","link":"https:\/\/encoart.com\/es\/politica-de-privacidad\/","title":{"rendered":"pol\u00edtica de privacidad"},"content":{"rendered":"<h2 class=\"wp-block-heading\">\u00bfQuienes somos?<\/h2>\n\n\n\n<p>La direcci\u00f3n de nuestra web: https:\/\/encoart.com.<\/p>\n\n\n\n<h2 class=\"wp-block-heading\">Comentarios<\/h2>\n\n\n\n<p>Cuando los visitantes dejan comentarios en el sitio, adem\u00e1s de los datos que se muestran en el formulario de comentarios, tambi\u00e9n recopilamos la direcci\u00f3n IP del visitante y la informaci\u00f3n del navegador que ayuda a detectar comentarios no deseados.<\/p>\n\n\n\n<p>Es posible que se env\u00ede un texto an\u00f3nimo creado a partir de su direcci\u00f3n de correo electr\u00f3nico (tambi\u00e9n llamado hash) al servicio Gravatar para ver si lo est\u00e1 utilizando. La pol\u00edtica de privacidad del servicio Gravatar se puede encontrar en: https:\/\/automattic.com\/privacy\/. Una vez que tu comentario sea aprobado, tu imagen de perfil ser\u00e1 visible para el p\u00fablico junto con tu comentario.<\/p>\n\n\n\n<h2 class=\"wp-block-heading\">Entornos<\/h2>\n\n\n\n<p><strong class=\"privacy-policy-tutorial\"> <\/strong>Si est\u00e1 cargando im\u00e1genes en su sitio, debe evitar cargar im\u00e1genes con datos de ubicaci\u00f3n incorporados (EXIF GPS). Los visitantes del sitio pueden descargar im\u00e1genes del sitio y conocer la informaci\u00f3n de ubicaci\u00f3n dentro de ellas.<\/p>\n\n\n\n<h2 class=\"wp-block-heading\">Galletas<\/h2>\n\n\n\n<p>Si deja un comentario en nuestro sitio, puede optar por guardar su nombre, direcci\u00f3n de correo electr\u00f3nico y direcci\u00f3n del sitio en cookies. Estos son para su conveniencia. De esta manera no tendr\u00e1s que volver a escribir tus datos cuando dejes otro comentario. Estas cookies se almacenan durante un a\u00f1o.<\/p>\n\n\n\n<p>Si visita nuestra p\u00e1gina de inicio de sesi\u00f3n, configuraremos una cookie temporal para determinar si su navegador acepta cookies. Esta cookie no contiene ning\u00fan dato personal y se destruye al cerrar el navegador.<\/p>\n\n\n\n<p>Cuando inicie sesi\u00f3n, instalaremos varias cookies para guardar su informaci\u00f3n de inicio de sesi\u00f3n y sus opciones de visualizaci\u00f3n de pantalla. Las cookies de inicio de sesi\u00f3n duran dos d\u00edas y las cookies de opciones de pantalla duran un a\u00f1o. Si seleccionas la opci\u00f3n \u201cRecordarme\u201d, tu sesi\u00f3n permanecer\u00e1 activa durante dos semanas. Si cierra la sesi\u00f3n de su cuenta, se eliminar\u00e1n las cookies de inicio de sesi\u00f3n.<\/p>\n\n\n\n<p>Si edita o publica un art\u00edculo, se guardar\u00e1 una cookie adicional en su navegador. Esta cookie no contiene datos personales y simplemente contiene el ID de la publicaci\u00f3n que acaba de editar. Caduca despu\u00e9s de 1 d\u00eda.<\/p>\n\n\n\n<h2 class=\"wp-block-heading\">Contenido incrustado de otros sitios<\/h2>\n\n\n\n<p>Los art\u00edculos de este sitio pueden contener contenido incrustado (como v\u00eddeos, im\u00e1genes, art\u00edculos). El contenido incrustado de otros sitios se comporta exactamente igual que cuando el visitante visita el otro sitio.<\/p>\n\n\n\n<p>Estos sitios pueden recopilar datos sobre usted, utilizar cookies, incrustar seguimiento adicional de terceros y monitorear su interacci\u00f3n con el contenido incrustado. Si tiene una cuenta y ha iniciado sesi\u00f3n en este sitio, es posible que se realice un seguimiento de su interacci\u00f3n con el contenido incrustado.<\/p>\n\n\n\n<h2 class=\"wp-block-heading\">\u00bfCon qui\u00e9n compartimos tus datos?<\/h2>\n\n\n\n<p>Cuando solicita un restablecimiento de contrase\u00f1a, su direcci\u00f3n IP se incluye en el correo electr\u00f3nico de restablecimiento.<\/p>\n\n\n\n<h2 class=\"wp-block-heading\">\u00bfDurante cu\u00e1nto tiempo conservamos tus datos?<\/h2>\n\n\n\n<p>Si deja un comentario, el comentario y sus metadatos se conservan indefinidamente. Esto es para que podamos reconocer y aprobar autom\u00e1ticamente cualquier comentario de seguimiento en lugar de mantenerlos en una cola para su aprobaci\u00f3n.<\/p>\n\n\n\n<p>Para los usuarios que abren una cuenta en nuestro sitio (si corresponde), tambi\u00e9n almacenamos la informaci\u00f3n personal que proporcionan en su perfil de usuario. Todos los usuarios pueden ver, editar o eliminar su informaci\u00f3n personal en cualquier momento (excepto cambiar su nombre de usuario). Los administradores del sitio tambi\u00e9n pueden ver y editar esta informaci\u00f3n.<\/p>\n\n\n\n<h2 class=\"wp-block-heading\">\u00bfCu\u00e1les son tus derechos sobre tus datos?<\/h2>\n\n\n\n<p>Si tiene una cuenta en este sitio o ha dejado comentarios, puede solicitar exportar los datos personales que tenemos sobre usted, junto con los datos que nos ha proporcionado, como un archivo. Tambi\u00e9n puede solicitar que borremos cualquier dato personal que tengamos sobre usted. Los datos que deben eliminarse no incluyen aquellos que estamos obligados a conservar con fines administrativos, legales o de seguridad.<\/p>\n\n\n\n<h2 class=\"wp-block-heading\">D\u00f3nde se env\u00edan sus datos<\/h2>\n\n\n\n<p>Los comentarios de los visitantes pueden ser revisados por un servicio de detecci\u00f3n autom\u00e1tica de spam.<\/p>","protected":false},"excerpt":{"rendered":"<p>Quienes somos Direcci\u00f3n de nuestra web: https:\/\/encoart.com. Comentarios Cuando los visitantes dejan comentarios en el sitio, adem\u00e1s de los datos que se muestran en el formulario de comentarios, tambi\u00e9n recopilamos la direcci\u00f3n IP del visitante y la informaci\u00f3n del navegador, lo que ayuda a detectar comentarios no deseados. Es posible que se env\u00ede un texto an\u00f3nimo creado a partir de su direcci\u00f3n de correo electr\u00f3nico (tambi\u00e9n llamado hash) al servicio Gravatar para ver si lo est\u00e1 utilizando. La pol\u00edtica de privacidad del servicio Gravatar se puede encontrar en: https:\/\/automattic.com\/privacy\/. Despu\u00e9s de que tu comentario sea aprobado\u2026<\/p>","protected":false},"author":1,"featured_media":0,"parent":0,"menu_order":0,"comment_status":"closed","ping_status":"closed","template":"","meta":{"_kad_post_transparent":"","_kad_post_title":"","_kad_post_layout":"","_kad_post_sidebar_id":"","_kad_post_content_style":"","_kad_post_vertical_padding":"","_kad_post_feature":"","_kad_post_feature_position":"","_kad_post_header":false,"_kad_post_footer":false,"_joinchat":[],"footnotes":""},"class_list":["post-17065","page","type-page","status-publish","hentry"],"_links":{"self":[{"href":"https:\/\/encoart.com\/es\/wp-json\/wp\/v2\/pages\/17065","targetHints":{"allow":["GET"]}}],"collection":[{"href":"https:\/\/encoart.com\/es\/wp-json\/wp\/v2\/pages"}],"about":[{"href":"https:\/\/encoart.com\/es\/wp-json\/wp\/v2\/types\/page"}],"author":[{"embeddable":true,"href":"https:\/\/encoart.com\/es\/wp-json\/wp\/v2\/users\/1"}],"replies":[{"embeddable":true,"href":"https:\/\/encoart.com\/es\/wp-json\/wp\/v2\/comments?post=17065"}],"version-history":[{"count":0,"href":"https:\/\/encoart.com\/es\/wp-json\/wp\/v2\/pages\/17065\/revisions"}],"wp:attachment":[{"href":"https:\/\/encoart.com\/es\/wp-json\/wp\/v2\/media?parent=17065"}],"curies":[{"name":"gracias","href":"https:\/\/api.w.org\/{rel}","templated":true}]}}